{"id":29551,"date":"2024-11-01T22:10:13","date_gmt":"2024-11-02T01:10:13","guid":{"rendered":"https:\/\/clinicadratianapassos.com\/?post_type=product&#038;p=29551"},"modified":"2025-06-25T19:24:41","modified_gmt":"2025-06-25T22:24:41","slug":"kit-regiao-intima","status":"publish","type":"product","link":"https:\/\/clinicadratianapassos.com.br\/?product=kit-regiao-intima","title":{"rendered":"Kit Regi\u00e3o \u00cdntima"},"content":{"rendered":"\t\t<div data-elementor-type=\"wp-post\" data-elementor-id=\"29551\" class=\"elementor elementor-29551\" data-elementor-post-type=\"product\">\n\t\t\t\t<div class=\"wd-negative-gap elementor-element elementor-element-40ced5d e-flex e-con-boxed e-con e-parent\" data-id=\"40ced5d\" data-element_type=\"container\">\n\t\t\t\t\t<div class=\"e-con-inner\">\n\t\t<div class=\"elementor-element elementor-element-410f313 e-flex e-con-boxed e-con e-child\" data-id=\"410f313\" data-element_type=\"container\">\n\t\t\t\t\t<div class=\"e-con-inner\">\n\t\t\t\t<div class=\"elementor-element elementor-element-2c0b088 elementor-widget elementor-widget-heading\" data-id=\"2c0b088\" data-element_type=\"widget\" data-widget_type=\"heading.default\">\n\t\t\t\t<div class=\"elementor-widget-container\">\n\t\t\t\t\t<h2 class=\"elementor-heading-title elementor-size-default\">Modo de Uso:<\/h2>\t\t\t\t<\/div>\n\t\t\t\t<\/div>\n\t\t\t\t<div class=\"elementor-element elementor-element-f5ca341 color-scheme-inherit text-left elementor-widget elementor-widget-text-editor\" data-id=\"f5ca341\" data-element_type=\"widget\" data-widget_type=\"text-editor.default\">\n\t\t\t\t<div class=\"elementor-widget-container\">\n\t\t\t\t\t\t\t\t\t<ul><li><b>S\u00e9rum Dia (Hialuron Firma-te):<br \/><\/b><span style=\"background-color: var(--bgcolor-white); color: var(--wd-text-color); font-size: 14px; text-align: var(--text-align);\">Aplicar pela manh\u00e3, ap\u00f3s o banho, massageando levemente at\u00e9 a completa absor\u00e7\u00e3o.<\/span><\/li><li><b>S\u00e9rum Noite (Hialuron Clear):<br \/><\/b><span style=\"font-size: 14px; text-align: var(--text-align); background-color: var(--bgcolor-white); color: var(--wd-text-color);\">Aplicar \u00e0 noite, tamb\u00e9m ap\u00f3s o banho, espalhando suavemente o s\u00e9rum sobre a pele e massageando at\u00e9 absorver.<\/span><\/li><\/ul><ol><li style=\"list-style-type: none;\">\u00a0<\/li><\/ol>\t\t\t\t\t\t\t\t<\/div>\n\t\t\t\t<\/div>\n\t\t\t\t\t<\/div>\n\t\t\t\t<\/div>\n\t\t<div class=\"elementor-element elementor-element-993414a e-flex e-con-boxed e-con e-child\" data-id=\"993414a\" data-element_type=\"container\">\n\t\t\t\t\t<div class=\"e-con-inner\">\n\t\t\t\t<div class=\"elementor-element elementor-element-1c05732 elementor-widget elementor-widget-heading\" data-id=\"1c05732\" data-element_type=\"widget\" data-widget_type=\"heading.default\">\n\t\t\t\t<div class=\"elementor-widget-container\">\n\t\t\t\t\t<h2 class=\"elementor-heading-title elementor-size-default\">Indica\u00e7\u00f5es:<\/h2>\t\t\t\t<\/div>\n\t\t\t\t<\/div>\n\t\t\t\t<div class=\"elementor-element elementor-element-b18eae6 color-scheme-inherit text-left elementor-widget elementor-widget-text-editor\" data-id=\"b18eae6\" data-element_type=\"widget\" data-widget_type=\"text-editor.default\">\n\t\t\t\t<div class=\"elementor-widget-container\">\n\t\t\t\t\t\t\t\t\t<ul><li>Manchas e hiperpigmenta\u00e7\u00e3o na regi\u00e3o \u00edntima.<\/li><li>Flacidez e perda de firmeza nos grandes l\u00e1bios.<\/li><li>Hidrata\u00e7\u00e3o e preven\u00e7\u00e3o do ressecamento.<\/li><li>Cuidado completo para revitalizar a pele da regi\u00e3o \u00edntima, garantindo uma apar\u00eancia saud\u00e1vel.<\/li><\/ul>\t\t\t\t\t\t\t\t<\/div>\n\t\t\t\t<\/div>\n\t\t\t\t\t<\/div>\n\t\t\t\t<\/div>\n\t\t<div class=\"elementor-element elementor-element-b9b60fc e-flex e-con-boxed e-con e-child\" data-id=\"b9b60fc\" data-element_type=\"container\">\n\t\t\t\t\t<div class=\"e-con-inner\">\n\t\t\t\t<div class=\"elementor-element elementor-element-d79cf86 elementor-widget elementor-widget-heading\" data-id=\"d79cf86\" data-element_type=\"widget\" data-widget_type=\"heading.default\">\n\t\t\t\t<div class=\"elementor-widget-container\">\n\t\t\t\t\t<h2 class=\"elementor-heading-title elementor-size-default\">Composi\u00e7\u00e3o Ativa:<\/h2>\t\t\t\t<\/div>\n\t\t\t\t<\/div>\n\t\t\t\t<div class=\"elementor-element elementor-element-74e17a3 color-scheme-inherit text-left elementor-widget elementor-widget-text-editor\" data-id=\"74e17a3\" data-element_type=\"widget\" data-widget_type=\"text-editor.default\">\n\t\t\t\t<div class=\"elementor-widget-container\">\n\t\t\t\t\t\t\t\t\t<ul><li style=\"list-style-type: none;\"><ul><li><p><strong>Hialuron Firma-te (S\u00e9rum Dia):<\/strong><\/p><ul><li><strong>Vitaminas e Antioxidantes:<\/strong> Hidrata\u00e7\u00e3o, lifting e rejuvenescimento intensivo.<\/li><li><strong>Ativos firmadores:<\/strong> Combate a flacidez, promovendo sustenta\u00e7\u00e3o e firmeza na pele.<\/li><\/ul><\/li><li><p><strong>Hialuron Clear (S\u00e9rum Noite):<\/strong><\/p><ul><li><strong>\u00c1cidos Padr\u00e3o Ouro:<\/strong> Atuam no clareamento seguro da pele, uniformizando o tom.<\/li><li><strong>Vitaminas e antioxidantes:<\/strong> Revitalizam e protegem a pele durante a noite.<\/li><\/ul><\/li><\/ul><\/li><\/ul>\t\t\t\t\t\t\t\t<\/div>\n\t\t\t\t<\/div>\n\t\t\t\t\t<\/div>\n\t\t\t\t<\/div>\n\t\t\t\t\t<\/div>\n\t\t\t\t<\/div>\n\t\t\t\t<\/div>\n\t\t","protected":false},"excerpt":{"rendered":"<div class=\"flex max-w-full flex-col flex-grow\">\n<div class=\"min-h-8 text-message flex w-full flex-col items-end gap-2 whitespace-normal break-words [.text-message+&amp;]:mt-5\" dir=\"auto\" data-message-author-role=\"assistant\" data-message-id=\"04cbc4a0-d8f7-48fe-9233-218443d3016b\" data-message-model-slug=\"gpt-4o\">\n<div class=\"flex w-full flex-col gap-1 empty:hidden first:pt-[3px]\">\n<div class=\"markdown prose w-full break-words dark:prose-invert light\">\n<p>O <strong>Kit Regi\u00e3o \u00cdntima<\/strong> \u00e9 o aliado perfeito para quem busca um cuidado completo e seguro, promovendo beleza, firmeza e uniformidade. D\u00ea \u00e0 sua pele o tratamento de excel\u00eancia que ela merece!<\/p>\n<\/div>\n<\/div>\n<\/div>\n<\/div>\n","protected":false},"featured_media":29124,"comment_status":"open","ping_status":"closed","template":"","meta":[],"product_brand":[],"product_cat":[84,87],"product_tag":[],"class_list":{"0":"post-29551","1":"product","2":"type-product","3":"status-publish","4":"has-post-thumbnail","6":"product_cat-corpo","7":"product_cat-regiao-intima","9":"first","10":"onbackorder","11":"taxable","12":"shipping-taxable","13":"purchasable","14":"product-type-simple"},"_links":{"self":[{"href":"https:\/\/clinicadratianapassos.com.br\/index.php?rest_route=\/wp\/v2\/product\/29551","targetHints":{"allow":["GET"]}}],"collection":[{"href":"https:\/\/clinicadratianapassos.com.br\/index.php?rest_route=\/wp\/v2\/product"}],"about":[{"href":"https:\/\/clinicadratianapassos.com.br\/index.php?rest_route=\/wp\/v2\/types\/product"}],"replies":[{"embeddable":true,"href":"https:\/\/clinicadratianapassos.com.br\/index.php?rest_route=%2Fwp%2Fv2%2Fcomments&post=29551"}],"version-history":[{"count":8,"href":"https:\/\/clinicadratianapassos.com.br\/index.php?rest_route=\/wp\/v2\/product\/29551\/revisions"}],"predecessor-version":[{"id":29559,"href":"https:\/\/clinicadratianapassos.com.br\/index.php?rest_route=\/wp\/v2\/product\/29551\/revisions\/29559"}],"wp:featuredmedia":[{"embeddable":true,"href":"https:\/\/clinicadratianapassos.com.br\/index.php?rest_route=\/wp\/v2\/media\/29124"}],"wp:attachment":[{"href":"https:\/\/clinicadratianapassos.com.br\/index.php?rest_route=%2Fwp%2Fv2%2Fmedia&parent=29551"}],"wp:term":[{"taxonomy":"product_brand","embeddable":true,"href":"https:\/\/clinicadratianapassos.com.br\/index.php?rest_route=%2Fwp%2Fv2%2Fproduct_brand&post=29551"},{"taxonomy":"product_cat","embeddable":true,"href":"https:\/\/clinicadratianapassos.com.br\/index.php?rest_route=%2Fwp%2Fv2%2Fproduct_cat&post=29551"},{"taxonomy":"product_tag","embeddable":true,"href":"https:\/\/clinicadratianapassos.com.br\/index.php?rest_route=%2Fwp%2Fv2%2Fproduct_tag&post=29551"}],"curies":[{"name":"wp","href":"https:\/\/api.w.org\/{rel}","templated":true}]}}