{"id":29461,"date":"2024-11-01T15:15:43","date_gmt":"2024-11-01T18:15:43","guid":{"rendered":"https:\/\/clinicadratianapassos.com\/?post_type=product&#038;p=29461"},"modified":"2025-05-15T21:41:12","modified_gmt":"2025-05-16T00:41:12","slug":"eye-repair","status":"publish","type":"product","link":"https:\/\/clinicadratianapassos.com.br\/?product=eye-repair","title":{"rendered":"Eye Repair"},"content":{"rendered":"\t\t<div data-elementor-type=\"wp-post\" data-elementor-id=\"29461\" class=\"elementor elementor-29461\" data-elementor-post-type=\"product\">\n\t\t\t\t<div class=\"wd-negative-gap elementor-element elementor-element-40ced5d e-flex e-con-boxed e-con e-parent\" data-id=\"40ced5d\" data-element_type=\"container\">\n\t\t\t\t\t<div class=\"e-con-inner\">\n\t\t<div class=\"elementor-element elementor-element-410f313 e-flex e-con-boxed e-con e-child\" data-id=\"410f313\" data-element_type=\"container\">\n\t\t\t\t\t<div class=\"e-con-inner\">\n\t\t\t\t<div class=\"elementor-element elementor-element-2c0b088 elementor-widget elementor-widget-heading\" data-id=\"2c0b088\" data-element_type=\"widget\" data-widget_type=\"heading.default\">\n\t\t\t\t<div class=\"elementor-widget-container\">\n\t\t\t\t\t<h2 class=\"elementor-heading-title elementor-size-default\">Modo de Uso:<\/h2>\t\t\t\t<\/div>\n\t\t\t\t<\/div>\n\t\t\t\t<div class=\"elementor-element elementor-element-f5ca341 color-scheme-inherit text-left elementor-widget elementor-widget-text-editor\" data-id=\"f5ca341\" data-element_type=\"widget\" data-widget_type=\"text-editor.default\">\n\t\t\t\t<div class=\"elementor-widget-container\">\n\t\t\t\t\t\t\t\t\t<ol>\n<li>\u00c0 noite, ap\u00f3s a limpeza da pele, aplique uma pequena quantidade de <strong>Eye Repair<\/strong> nas p\u00e1lpebras superior e inferior.<\/li>\n<li>Massageie suavemente at\u00e9 completa absor\u00e7\u00e3o, cuidando para n\u00e3o aplicar dentro dos olhos.<\/li>\n<li>Para melhores resultados, use todas as noites, como parte da sua rotina de cuidados.<\/li>\n<\/ol>\t\t\t\t\t\t\t\t<\/div>\n\t\t\t\t<\/div>\n\t\t\t\t\t<\/div>\n\t\t\t\t<\/div>\n\t\t<div class=\"elementor-element elementor-element-993414a e-flex e-con-boxed e-con e-child\" data-id=\"993414a\" data-element_type=\"container\">\n\t\t\t\t\t<div class=\"e-con-inner\">\n\t\t\t\t<div class=\"elementor-element elementor-element-1c05732 elementor-widget elementor-widget-heading\" data-id=\"1c05732\" data-element_type=\"widget\" data-widget_type=\"heading.default\">\n\t\t\t\t<div class=\"elementor-widget-container\">\n\t\t\t\t\t<h2 class=\"elementor-heading-title elementor-size-default\">Indica\u00e7\u00f5es:<\/h2>\t\t\t\t<\/div>\n\t\t\t\t<\/div>\n\t\t\t\t<div class=\"elementor-element elementor-element-b18eae6 color-scheme-inherit text-left elementor-widget elementor-widget-text-editor\" data-id=\"b18eae6\" data-element_type=\"widget\" data-widget_type=\"text-editor.default\">\n\t\t\t\t<div class=\"elementor-widget-container\">\n\t\t\t\t\t\t\t\t\t<ul><li>Olheiras e hiperpigmenta\u00e7\u00e3o periorbital.<\/li><li>Rugas e linhas finas ao redor dos olhos.<\/li><li>Bolsas e incha\u00e7o sob os olhos.<\/li><li>Cuidado di\u00e1rio para preven\u00e7\u00e3o dos sinais de envelhecimento na \u00e1rea dos olhos.<\/li><\/ul>\t\t\t\t\t\t\t\t<\/div>\n\t\t\t\t<\/div>\n\t\t\t\t\t<\/div>\n\t\t\t\t<\/div>\n\t\t<div class=\"elementor-element elementor-element-b9b60fc e-flex e-con-boxed e-con e-child\" data-id=\"b9b60fc\" data-element_type=\"container\">\n\t\t\t\t\t<div class=\"e-con-inner\">\n\t\t\t\t<div class=\"elementor-element elementor-element-d79cf86 elementor-widget elementor-widget-heading\" data-id=\"d79cf86\" data-element_type=\"widget\" data-widget_type=\"heading.default\">\n\t\t\t\t<div class=\"elementor-widget-container\">\n\t\t\t\t\t<h2 class=\"elementor-heading-title elementor-size-default\">Composi\u00e7\u00e3o Ativa:<\/h2>\t\t\t\t<\/div>\n\t\t\t\t<\/div>\n\t\t\t\t<div class=\"elementor-element elementor-element-74e17a3 color-scheme-inherit text-left elementor-widget elementor-widget-text-editor\" data-id=\"74e17a3\" data-element_type=\"widget\" data-widget_type=\"text-editor.default\">\n\t\t\t\t<div class=\"elementor-widget-container\">\n\t\t\t\t\t\t\t\t\t<ul><li><strong>\u00c1cidos Padr\u00e3o Ouro:<\/strong> Combatem a hiperpigmenta\u00e7\u00e3o e uniformizam o tom da pele.<\/li><li><strong>Antioxidantes Potentes:<\/strong> Protegem a pele da oxida\u00e7\u00e3o e ajudam a prevenir novos danos.<\/li><li><strong>Anti-inflamat\u00f3rios Naturais:<\/strong> Reduzem incha\u00e7os e proporcionam al\u00edvio para peles sens\u00edveis.<\/li><li><strong>Ativos Hidratantes:<\/strong> Mant\u00eam a pele ao redor dos olhos suave e hidratada ao longo do dia.<\/li><\/ul>\t\t\t\t\t\t\t\t<\/div>\n\t\t\t\t<\/div>\n\t\t\t\t\t<\/div>\n\t\t\t\t<\/div>\n\t\t\t\t\t<\/div>\n\t\t\t\t<\/div>\n\t\t\t\t<\/div>\n\t\t","protected":false},"excerpt":{"rendered":"<p style=\"text-align: left;\">O <strong>Eye Repair<\/strong> \u00e9 um creme rejuvenescedor espec\u00edfico para a \u00e1rea dos olhos, desenvolvido para suavizar rugas, reduzir bolsas e olheiras, e restaurar o brilho natural do olhar.<\/p>\n","protected":false},"featured_media":29122,"comment_status":"open","ping_status":"closed","template":"","meta":[],"product_brand":[],"product_cat":[20,86],"product_tag":[],"class_list":{"0":"post-29461","1":"product","2":"type-product","3":"status-publish","4":"has-post-thumbnail","6":"product_cat-face","7":"product_cat-olhos","9":"first","10":"onbackorder","11":"taxable","12":"shipping-taxable","13":"purchasable","14":"product-type-simple"},"_links":{"self":[{"href":"https:\/\/clinicadratianapassos.com.br\/index.php?rest_route=\/wp\/v2\/product\/29461","targetHints":{"allow":["GET"]}}],"collection":[{"href":"https:\/\/clinicadratianapassos.com.br\/index.php?rest_route=\/wp\/v2\/product"}],"about":[{"href":"https:\/\/clinicadratianapassos.com.br\/index.php?rest_route=\/wp\/v2\/types\/product"}],"replies":[{"embeddable":true,"href":"https:\/\/clinicadratianapassos.com.br\/index.php?rest_route=%2Fwp%2Fv2%2Fcomments&post=29461"}],"version-history":[{"count":17,"href":"https:\/\/clinicadratianapassos.com.br\/index.php?rest_route=\/wp\/v2\/product\/29461\/revisions"}],"predecessor-version":[{"id":30104,"href":"https:\/\/clinicadratianapassos.com.br\/index.php?rest_route=\/wp\/v2\/product\/29461\/revisions\/30104"}],"wp:featuredmedia":[{"embeddable":true,"href":"https:\/\/clinicadratianapassos.com.br\/index.php?rest_route=\/wp\/v2\/media\/29122"}],"wp:attachment":[{"href":"https:\/\/clinicadratianapassos.com.br\/index.php?rest_route=%2Fwp%2Fv2%2Fmedia&parent=29461"}],"wp:term":[{"taxonomy":"product_brand","embeddable":true,"href":"https:\/\/clinicadratianapassos.com.br\/index.php?rest_route=%2Fwp%2Fv2%2Fproduct_brand&post=29461"},{"taxonomy":"product_cat","embeddable":true,"href":"https:\/\/clinicadratianapassos.com.br\/index.php?rest_route=%2Fwp%2Fv2%2Fproduct_cat&post=29461"},{"taxonomy":"product_tag","embeddable":true,"href":"https:\/\/clinicadratianapassos.com.br\/index.php?rest_route=%2Fwp%2Fv2%2Fproduct_tag&post=29461"}],"curies":[{"name":"wp","href":"https:\/\/api.w.org\/{rel}","templated":true}]}}