{"id":29342,"date":"2024-10-29T23:31:54","date_gmt":"2024-10-30T02:31:54","guid":{"rendered":"https:\/\/clinicadratianapassos.com\/?post_type=product&#038;p=29342"},"modified":"2025-06-25T19:21:23","modified_gmt":"2025-06-25T22:21:23","slug":"bruma-volumizadora-de-bumbum","status":"publish","type":"product","link":"https:\/\/clinicadratianapassos.com.br\/?product=bruma-volumizadora-de-bumbum","title":{"rendered":"Bruma Volumizadora de Bumbum"},"content":{"rendered":"\t\t<div data-elementor-type=\"wp-post\" data-elementor-id=\"29342\" class=\"elementor elementor-29342\" data-elementor-post-type=\"product\">\n\t\t\t\t<div class=\"wd-negative-gap elementor-element elementor-element-40ced5d e-flex e-con-boxed e-con e-parent\" data-id=\"40ced5d\" data-element_type=\"container\">\n\t\t\t\t\t<div class=\"e-con-inner\">\n\t\t<div class=\"elementor-element elementor-element-410f313 e-flex e-con-boxed e-con e-child\" data-id=\"410f313\" data-element_type=\"container\">\n\t\t\t\t\t<div class=\"e-con-inner\">\n\t\t\t\t<div class=\"elementor-element elementor-element-2c0b088 elementor-widget elementor-widget-heading\" data-id=\"2c0b088\" data-element_type=\"widget\" data-widget_type=\"heading.default\">\n\t\t\t\t<div class=\"elementor-widget-container\">\n\t\t\t\t\t<h2 class=\"elementor-heading-title elementor-size-default\">Modo de Uso:<\/h2>\t\t\t\t<\/div>\n\t\t\t\t<\/div>\n\t\t\t\t<div class=\"elementor-element elementor-element-f5ca341 color-scheme-inherit text-left elementor-widget elementor-widget-text-editor\" data-id=\"f5ca341\" data-element_type=\"widget\" data-widget_type=\"text-editor.default\">\n\t\t\t\t<div class=\"elementor-widget-container\">\n\t\t\t\t\t\t\t\t\t<ol><li>Aplique a bruma duas vezes ao dia:<ol><li><strong>De manh\u00e3<\/strong> ap\u00f3s o banho.<\/li><li><strong>\u00c0 noite<\/strong> antes de dormir.<\/li><\/ol><\/li><li>Massageie em movimentos circulares, de baixo para cima, at\u00e9 completa absor\u00e7\u00e3o.<\/li><li>Use diariamente para resultados cont\u00ednuos e duradouros.<\/li><\/ol>\t\t\t\t\t\t\t\t<\/div>\n\t\t\t\t<\/div>\n\t\t\t\t\t<\/div>\n\t\t\t\t<\/div>\n\t\t<div class=\"elementor-element elementor-element-993414a e-flex e-con-boxed e-con e-child\" data-id=\"993414a\" data-element_type=\"container\">\n\t\t\t\t\t<div class=\"e-con-inner\">\n\t\t\t\t<div class=\"elementor-element elementor-element-1c05732 elementor-widget elementor-widget-heading\" data-id=\"1c05732\" data-element_type=\"widget\" data-widget_type=\"heading.default\">\n\t\t\t\t<div class=\"elementor-widget-container\">\n\t\t\t\t\t<h2 class=\"elementor-heading-title elementor-size-default\">Indica\u00e7\u00f5es:<\/h2>\t\t\t\t<\/div>\n\t\t\t\t<\/div>\n\t\t\t\t<div class=\"elementor-element elementor-element-b18eae6 color-scheme-inherit text-left elementor-widget elementor-widget-text-editor\" data-id=\"b18eae6\" data-element_type=\"widget\" data-widget_type=\"text-editor.default\">\n\t\t\t\t<div class=\"elementor-widget-container\">\n\t\t\t\t\t\t\t\t\t<ul><li>Flacidez ou perda de volume nos gl\u00fateos.<\/li><li>Manchas e hiperpigmenta\u00e7\u00f5es localizadas.<\/li><li>Preven\u00e7\u00e3o e tratamento de foliculite.<\/li><li>Cuidado di\u00e1rio para manuten\u00e7\u00e3o da pele saud\u00e1vel e hidratada.<\/li><\/ul>\t\t\t\t\t\t\t\t<\/div>\n\t\t\t\t<\/div>\n\t\t\t\t\t<\/div>\n\t\t\t\t<\/div>\n\t\t<div class=\"elementor-element elementor-element-b9b60fc e-flex e-con-boxed e-con e-child\" data-id=\"b9b60fc\" data-element_type=\"container\">\n\t\t\t\t\t<div class=\"e-con-inner\">\n\t\t\t\t<div class=\"elementor-element elementor-element-d79cf86 elementor-widget elementor-widget-heading\" data-id=\"d79cf86\" data-element_type=\"widget\" data-widget_type=\"heading.default\">\n\t\t\t\t<div class=\"elementor-widget-container\">\n\t\t\t\t\t<h2 class=\"elementor-heading-title elementor-size-default\">Composi\u00e7\u00e3o Ativa:<\/h2>\t\t\t\t<\/div>\n\t\t\t\t<\/div>\n\t\t\t\t<div class=\"elementor-element elementor-element-74e17a3 color-scheme-inherit text-left elementor-widget elementor-widget-text-editor\" data-id=\"74e17a3\" data-element_type=\"widget\" data-widget_type=\"text-editor.default\">\n\t\t\t\t<div class=\"elementor-widget-container\">\n\t\t\t\t\t\t\t\t\t<ul><li><strong>Ativos Adstringentes:<\/strong> Melhoram a elasticidade da pele e combatem a flacidez.<\/li><li><strong>Clareadores:<\/strong> Uniformizam a cor da pele, eliminando manchas escuras.<\/li><li><strong>Hidratantes Regeneradores:<\/strong> Restauram a barreira cut\u00e2nea, promovendo maciez e luminosidade.<\/li><li><strong>Anti-inflamat\u00f3rios Naturais:<\/strong> Auxiliam no combate \u00e0s foliculites e irrita\u00e7\u00f5es da pele.<\/li><\/ul>\t\t\t\t\t\t\t\t<\/div>\n\t\t\t\t<\/div>\n\t\t\t\t\t<\/div>\n\t\t\t\t<\/div>\n\t\t\t\t\t<\/div>\n\t\t\t\t<\/div>\n\t\t\t\t<\/div>\n\t\t","protected":false},"excerpt":{"rendered":"<p style=\"text-align: left;\">A <strong>Bruma Volumizadora de Bumbum<\/strong> \u00e9 um tratamento home care desenvolvido para firmar, tonificar e dar um efeito <em>pump up<\/em> aos gl\u00fateos.<\/p>\n","protected":false},"featured_media":29121,"comment_status":"open","ping_status":"closed","template":"","meta":[],"product_brand":[],"product_cat":[84,85],"product_tag":[],"class_list":{"0":"post-29342","1":"product","2":"type-product","3":"status-publish","4":"has-post-thumbnail","6":"product_cat-corpo","7":"product_cat-gluteos","9":"first","10":"onbackorder","11":"taxable","12":"shipping-taxable","13":"purchasable","14":"product-type-simple"},"_links":{"self":[{"href":"https:\/\/clinicadratianapassos.com.br\/index.php?rest_route=\/wp\/v2\/product\/29342","targetHints":{"allow":["GET"]}}],"collection":[{"href":"https:\/\/clinicadratianapassos.com.br\/index.php?rest_route=\/wp\/v2\/product"}],"about":[{"href":"https:\/\/clinicadratianapassos.com.br\/index.php?rest_route=\/wp\/v2\/types\/product"}],"replies":[{"embeddable":true,"href":"https:\/\/clinicadratianapassos.com.br\/index.php?rest_route=%2Fwp%2Fv2%2Fcomments&post=29342"}],"version-history":[{"count":8,"href":"https:\/\/clinicadratianapassos.com.br\/index.php?rest_route=\/wp\/v2\/product\/29342\/revisions"}],"predecessor-version":[{"id":29459,"href":"https:\/\/clinicadratianapassos.com.br\/index.php?rest_route=\/wp\/v2\/product\/29342\/revisions\/29459"}],"wp:featuredmedia":[{"embeddable":true,"href":"https:\/\/clinicadratianapassos.com.br\/index.php?rest_route=\/wp\/v2\/media\/29121"}],"wp:attachment":[{"href":"https:\/\/clinicadratianapassos.com.br\/index.php?rest_route=%2Fwp%2Fv2%2Fmedia&parent=29342"}],"wp:term":[{"taxonomy":"product_brand","embeddable":true,"href":"https:\/\/clinicadratianapassos.com.br\/index.php?rest_route=%2Fwp%2Fv2%2Fproduct_brand&post=29342"},{"taxonomy":"product_cat","embeddable":true,"href":"https:\/\/clinicadratianapassos.com.br\/index.php?rest_route=%2Fwp%2Fv2%2Fproduct_cat&post=29342"},{"taxonomy":"product_tag","embeddable":true,"href":"https:\/\/clinicadratianapassos.com.br\/index.php?rest_route=%2Fwp%2Fv2%2Fproduct_tag&post=29342"}],"curies":[{"name":"wp","href":"https:\/\/api.w.org\/{rel}","templated":true}]}}