{"id":29116,"date":"2024-10-24T16:19:30","date_gmt":"2024-10-24T19:19:30","guid":{"rendered":"https:\/\/clinicadratianapassos.com\/?post_type=product&#038;p=29116"},"modified":"2025-05-15T21:40:31","modified_gmt":"2025-05-16T00:40:31","slug":"gloss-repair","status":"publish","type":"product","link":"https:\/\/clinicadratianapassos.com.br\/?product=gloss-repair","title":{"rendered":"Gloss Repair"},"content":{"rendered":"\t\t<div data-elementor-type=\"wp-post\" data-elementor-id=\"29116\" class=\"elementor elementor-29116\" data-elementor-post-type=\"product\">\n\t\t\t\t<div class=\"wd-negative-gap elementor-element elementor-element-c7bc837 e-flex e-con-boxed e-con e-parent\" data-id=\"c7bc837\" data-element_type=\"container\">\n\t\t\t\t\t<div class=\"e-con-inner\">\n\t\t<div class=\"elementor-element elementor-element-7c66385 e-flex e-con-boxed e-con e-child\" data-id=\"7c66385\" data-element_type=\"container\">\n\t\t\t\t\t<div class=\"e-con-inner\">\n\t\t\t\t<div class=\"elementor-element elementor-element-caa756e elementor-widget elementor-widget-heading\" data-id=\"caa756e\" data-element_type=\"widget\" data-widget_type=\"heading.default\">\n\t\t\t\t<div class=\"elementor-widget-container\">\n\t\t\t\t\t<h2 class=\"elementor-heading-title elementor-size-default\">Modo de Uso:<\/h2>\t\t\t\t<\/div>\n\t\t\t\t<\/div>\n\t\t\t\t<div class=\"elementor-element elementor-element-6e6e3db color-scheme-inherit text-left elementor-widget elementor-widget-text-editor\" data-id=\"6e6e3db\" data-element_type=\"widget\" data-widget_type=\"text-editor.default\">\n\t\t\t\t<div class=\"elementor-widget-container\">\n\t\t\t\t\t\t\t\t\t<ol><li>Aplique uma camada do <strong>Gloss Repair<\/strong> nos l\u00e1bios sempre que necess\u00e1rio, especialmente antes de dormir e ao longo do dia.<\/li><li>Pode ser utilizado como primer para batom, garantindo hidrata\u00e7\u00e3o cont\u00ednua.<\/li><li>Para resultados otimizados, use diariamente como parte da sua rotina de cuidados labiais.<\/li><\/ol>\t\t\t\t\t\t\t\t<\/div>\n\t\t\t\t<\/div>\n\t\t\t\t\t<\/div>\n\t\t\t\t<\/div>\n\t\t<div class=\"elementor-element elementor-element-496ecdd e-flex e-con-boxed e-con e-child\" data-id=\"496ecdd\" data-element_type=\"container\">\n\t\t\t\t\t<div class=\"e-con-inner\">\n\t\t\t\t<div class=\"elementor-element elementor-element-56d278e elementor-widget elementor-widget-heading\" data-id=\"56d278e\" data-element_type=\"widget\" data-widget_type=\"heading.default\">\n\t\t\t\t<div class=\"elementor-widget-container\">\n\t\t\t\t\t<h2 class=\"elementor-heading-title elementor-size-default\">Indica\u00e7\u00f5es:<\/h2>\t\t\t\t<\/div>\n\t\t\t\t<\/div>\n\t\t\t\t<div class=\"elementor-element elementor-element-7e59e6c color-scheme-inherit text-left elementor-widget elementor-widget-text-editor\" data-id=\"7e59e6c\" data-element_type=\"widget\" data-widget_type=\"text-editor.default\">\n\t\t\t\t<div class=\"elementor-widget-container\">\n\t\t\t\t\t\t\t\t\t<ul><li>L\u00e1bios ressecados e rachados.<\/li><li>Redu\u00e7\u00e3o de linhas ao redor da boca.<\/li><li>L\u00e1bios que perderam volume e firmeza.<\/li><li>Uso di\u00e1rio para manter a sa\u00fade e apar\u00eancia de\u00a0 l\u00e1bios sadios.<\/li><\/ul>\t\t\t\t\t\t\t\t<\/div>\n\t\t\t\t<\/div>\n\t\t\t\t\t<\/div>\n\t\t\t\t<\/div>\n\t\t<div class=\"elementor-element elementor-element-ab9baf0 e-flex e-con-boxed e-con e-child\" data-id=\"ab9baf0\" data-element_type=\"container\">\n\t\t\t\t\t<div class=\"e-con-inner\">\n\t\t\t\t<div class=\"elementor-element elementor-element-c777ac2 elementor-widget elementor-widget-heading\" data-id=\"c777ac2\" data-element_type=\"widget\" data-widget_type=\"heading.default\">\n\t\t\t\t<div class=\"elementor-widget-container\">\n\t\t\t\t\t<h2 class=\"elementor-heading-title elementor-size-default\">Composi\u00e7\u00e3o Ativa:<\/h2>\t\t\t\t<\/div>\n\t\t\t\t<\/div>\n\t\t\t\t<div class=\"elementor-element elementor-element-a6c8339 color-scheme-inherit text-left elementor-widget elementor-widget-text-editor\" data-id=\"a6c8339\" data-element_type=\"widget\" data-widget_type=\"text-editor.default\">\n\t\t\t\t<div class=\"elementor-widget-container\">\n\t\t\t\t\t\t\t\t\t<ul><li><strong>\u00c1cido Hialur\u00f4nico:<\/strong> Ret\u00e9m a umidade e proporciona efeito volumizador imediato.<\/li><li><strong>Retinol:<\/strong> Acelera a renova\u00e7\u00e3o celular, prevenindo sinais de envelhecimento.<\/li><li><strong>Vitamina E:<\/strong> Poderoso antioxidante que protege os l\u00e1bios dos danos causados por radicais livres.<\/li><\/ul>\t\t\t\t\t\t\t\t<\/div>\n\t\t\t\t<\/div>\n\t\t\t\t\t<\/div>\n\t\t\t\t<\/div>\n\t\t\t\t\t<\/div>\n\t\t\t\t<\/div>\n\t\t\t\t<\/div>\n\t\t","protected":false},"excerpt":{"rendered":"<p style=\"text-align: left;\">O <strong>Gloss Repair<\/strong> \u00e9 a escolha perfeita para quem deseja l\u00e1bios mais bonitos e saud\u00e1veis, com um tratamento que vai al\u00e9m da hidrata\u00e7\u00e3o. Experimente e sinta a diferen\u00e7a!<\/p>\n","protected":false},"featured_media":29125,"comment_status":"open","ping_status":"closed","template":"","meta":[],"product_brand":[],"product_cat":[83,20],"product_tag":[],"class_list":{"0":"post-29116","1":"product","2":"type-product","3":"status-publish","4":"has-post-thumbnail","6":"product_cat-boca","7":"product_cat-face","9":"first","10":"onbackorder","11":"taxable","12":"shipping-taxable","13":"purchasable","14":"product-type-simple"},"_links":{"self":[{"href":"https:\/\/clinicadratianapassos.com.br\/index.php?rest_route=\/wp\/v2\/product\/29116","targetHints":{"allow":["GET"]}}],"collection":[{"href":"https:\/\/clinicadratianapassos.com.br\/index.php?rest_route=\/wp\/v2\/product"}],"about":[{"href":"https:\/\/clinicadratianapassos.com.br\/index.php?rest_route=\/wp\/v2\/types\/product"}],"replies":[{"embeddable":true,"href":"https:\/\/clinicadratianapassos.com.br\/index.php?rest_route=%2Fwp%2Fv2%2Fcomments&post=29116"}],"version-history":[{"count":20,"href":"https:\/\/clinicadratianapassos.com.br\/index.php?rest_route=\/wp\/v2\/product\/29116\/revisions"}],"predecessor-version":[{"id":30103,"href":"https:\/\/clinicadratianapassos.com.br\/index.php?rest_route=\/wp\/v2\/product\/29116\/revisions\/30103"}],"wp:featuredmedia":[{"embeddable":true,"href":"https:\/\/clinicadratianapassos.com.br\/index.php?rest_route=\/wp\/v2\/media\/29125"}],"wp:attachment":[{"href":"https:\/\/clinicadratianapassos.com.br\/index.php?rest_route=%2Fwp%2Fv2%2Fmedia&parent=29116"}],"wp:term":[{"taxonomy":"product_brand","embeddable":true,"href":"https:\/\/clinicadratianapassos.com.br\/index.php?rest_route=%2Fwp%2Fv2%2Fproduct_brand&post=29116"},{"taxonomy":"product_cat","embeddable":true,"href":"https:\/\/clinicadratianapassos.com.br\/index.php?rest_route=%2Fwp%2Fv2%2Fproduct_cat&post=29116"},{"taxonomy":"product_tag","embeddable":true,"href":"https:\/\/clinicadratianapassos.com.br\/index.php?rest_route=%2Fwp%2Fv2%2Fproduct_tag&post=29116"}],"curies":[{"name":"wp","href":"https:\/\/api.w.org\/{rel}","templated":true}]}}