{"id":27716,"date":"2024-09-17T15:07:20","date_gmt":"2024-09-17T18:07:20","guid":{"rendered":"https:\/\/clinicadratianapassos.com\/?page_id=27716"},"modified":"2024-12-20T19:08:18","modified_gmt":"2024-12-20T22:08:18","slug":"a-dra-tiana-passos","status":"publish","type":"page","link":"https:\/\/clinicadratianapassos.com.br\/?page_id=27716","title":{"rendered":"A Dra. Tiana Passos"},"content":{"rendered":"\t\t<div data-elementor-type=\"wp-page\" data-elementor-id=\"27716\" class=\"elementor elementor-27716\" data-elementor-post-type=\"page\">\n\t\t\t\t<div class=\"elementor-element elementor-element-4e4f987 wd-section-stretch e-flex e-con-boxed e-con e-parent\" data-id=\"4e4f987\" data-element_type=\"container\" data-settings=\"{&quot;background_background&quot;:&quot;classic&quot;,&quot;shape_divider_bottom&quot;:&quot;curve&quot;,&quot;shape_divider_bottom_negative&quot;:&quot;yes&quot;}\">\n\t\t\t\t\t<div class=\"e-con-inner\">\n\t\t\t\t<div class=\"elementor-shape elementor-shape-bottom\" data-negative=\"true\">\n\t\t\t<svg xmlns=\"http:\/\/www.w3.org\/2000\/svg\" viewBox=\"0 0 1000 100\" preserveAspectRatio=\"none\">\n\t<path class=\"elementor-shape-fill\" d=\"M500,97C126.7,96.3,0.8,19.8,0,0v100l1000,0V1C1000,19.4,873.3,97.8,500,97z\"\/>\n<\/svg>\t\t<\/div>\n\t\t<div class=\"elementor-element elementor-element-403a08e e-con-full e-flex e-con e-child\" data-id=\"403a08e\" data-element_type=\"container\">\n\t\t<div class=\"elementor-element elementor-element-67c4b8d e-con-full e-flex e-con e-child\" data-id=\"67c4b8d\" data-element_type=\"container\">\n\t\t<div class=\"elementor-element elementor-element-8c3b3f5 e-con-full e-flex e-con e-child\" data-id=\"8c3b3f5\" data-element_type=\"container\" data-settings=\"{&quot;background_background&quot;:&quot;classic&quot;}\">\n\t\t<div class=\"elementor-element elementor-element-0fbae56 e-con-full e-flex e-con e-child\" data-id=\"0fbae56\" data-element_type=\"container\">\n\t\t\t\t<div class=\"elementor-element elementor-element-6c40bcf elementor-view-default elementor-widget elementor-widget-icon\" data-id=\"6c40bcf\" data-element_type=\"widget\" data-widget_type=\"icon.default\">\n\t\t\t\t<div class=\"elementor-widget-container\">\n\t\t\t\t\t\t\t<div class=\"elementor-icon-wrapper\">\n\t\t\t<div class=\"elementor-icon\">\n\t\t\t<svg xmlns=\"http:\/\/www.w3.org\/2000\/svg\" viewBox=\"0 0 500 500\"><defs><style> .cls-1 { fill: #d2c0a5; } <\/style><\/defs><g><g id=\"Camada_1\"><path class=\"cls-1\" d=\"M457.49,220.51l-22.42-6.83c-71.16-21.67-126.84-77.36-148.52-148.52l-6.83-22.42c-8.83-28.98-49.86-28.98-58.69,0l-6.83,22.42c-21.67,71.16-77.36,126.84-148.52,148.52l-22.42,6.83c-28.98,8.83-28.98,49.86,0,58.69l22.42,6.83c71.16,21.67,126.84,77.36,148.52,148.52l6.83,22.42c8.83,28.98,49.86,28.98,58.69,0l6.83-22.42c21.67-71.16,77.36-126.84,148.52-148.52l22.42-6.83c28.98-8.83,28.98-49.86,0-58.69ZM394.03,269.32l-14.55,3.66c-52.15,13.12-92.87,53.84-105.99,105.99l-3.66,14.55c-5.09,20.23-33.83,20.23-38.92,0l-3.66-14.55c-13.12-52.15-53.84-92.87-105.99-105.99l-14.55-3.66c-20.23-5.09-20.23-33.83,0-38.92l14.55-3.66c52.15-13.12,92.87-53.84,105.99-105.99l3.66-14.55c5.09-20.23,33.83-20.23,38.92,0l3.66,14.55c13.12,52.15,53.84,92.87,105.99,105.99l14.55,3.66c20.23,5.09,20.23,33.83,0,38.92Z\"><\/path><\/g><\/g><\/svg>\t\t\t<\/div>\n\t\t<\/div>\n\t\t\t\t\t\t<\/div>\n\t\t\t\t<\/div>\n\t\t<div class=\"elementor-element elementor-element-63b5d18 e-con-full e-flex e-con e-child\" data-id=\"63b5d18\" data-element_type=\"container\">\n\t\t\t\t<div class=\"elementor-element elementor-element-95eef93 elementor-widget elementor-widget-heading\" data-id=\"95eef93\" data-element_type=\"widget\" data-widget_type=\"heading.default\">\n\t\t\t\t<div class=\"elementor-widget-container\">\n\t\t\t\t\t<h2 class=\"elementor-heading-title elementor-size-default\">Ol\u00e1, eu sou a<\/h2>\t\t\t\t<\/div>\n\t\t\t\t<\/div>\n\t\t\t\t<div class=\"elementor-element elementor-element-59df93c elementor-widget elementor-widget-heading\" data-id=\"59df93c\" data-element_type=\"widget\" data-widget_type=\"heading.default\">\n\t\t\t\t<div class=\"elementor-widget-container\">\n\t\t\t\t\t<h2 class=\"elementor-heading-title elementor-size-default\">Dra. Tiana Passos<\/h2>\t\t\t\t<\/div>\n\t\t\t\t<\/div>\n\t\t\t\t<\/div>\n\t\t\t\t<\/div>\n\t\t\t\t<div class=\"elementor-element elementor-element-6624c25 color-scheme-inherit text-left elementor-widget elementor-widget-text-editor\" data-id=\"6624c25\" data-element_type=\"widget\" data-widget_type=\"text-editor.default\">\n\t\t\t\t<div class=\"elementor-widget-container\">\n\t\t\t\t\t\t\t\t\t<p>Sou formada em Enfermagem e, ao longo dos anos, me especializei em diversas \u00e1reas da est\u00e9tica e do bem-estar.<\/p>\t\t\t\t\t\t\t\t<\/div>\n\t\t\t\t<\/div>\n\t\t\t\t<\/div>\n\t\t<div class=\"elementor-element elementor-element-9ef3c41 elementor-hidden-mobile e-con-full e-flex e-con e-child\" data-id=\"9ef3c41\" data-element_type=\"container\">\n\t\t\t\t<\/div>\n\t\t\t\t<\/div>\n\t\t\t\t<\/div>\n\t\t\t\t\t<\/div>\n\t\t\t\t<\/div>\n\t\t<div class=\"wd-negative-gap elementor-element elementor-element-20c3049 wd-section-stretch e-flex e-con-boxed e-con e-parent\" data-id=\"20c3049\" data-element_type=\"container\" data-settings=\"{&quot;background_background&quot;:&quot;classic&quot;}\">\n\t\t\t\t\t<div class=\"e-con-inner\">\n\t\t<div class=\"elementor-element elementor-element-f534d63 e-con-full e-flex e-con e-child\" data-id=\"f534d63\" data-element_type=\"container\">\n\t\t\t\t<div class=\"elementor-element elementor-element-8028d6a wd-width-100 elementor-widget elementor-widget-wd_title\" data-id=\"8028d6a\" data-element_type=\"widget\" data-widget_type=\"wd_title.default\">\n\t\t\t\t<div class=\"elementor-widget-container\">\n\t\t\t\t\t\t\t<div class=\"title-wrapper wd-set-mb reset-last-child wd-title-color-primary wd-title-style-default wd-title-size-default text-left\">\n\n\t\t\t\t\t\t\t\t\t\t\t<div class=\"title-subtitle subtitle-color-primary subtitle-style-default wd-fontsize-xs\">\n\t\t\t\t\tCompromisso com sua  sa\u00fade\t\t\t\t<\/div>\n\t\t\t\n\t\t\t<div class=\"liner-continer\">\n\t\t\t\t<h4 class=\"woodmart-title-container title wd-fontsize-l\">Oferecendo os melhores resultados <\/h4> \n\t\t\t\t\t\t\t<\/div>\n\n\t\t\t\t\t\t\t<div class=\"title-after_title reset-last-child wd-fontsize-xs\">\n\t\t\t\t\tMinha forma\u00e7\u00e3o e experi\u00eancia incluem:\t\t\t\t<\/div>\n\t\t\t\t\t<\/div>\n\t\t\t\t\t\t<\/div>\n\t\t\t\t<\/div>\n\t\t\t\t<div class=\"elementor-element elementor-element-b6b6ac0 elementor-icon-list--layout-traditional elementor-list-item-link-full_width elementor-widget elementor-widget-icon-list\" data-id=\"b6b6ac0\" data-element_type=\"widget\" data-widget_type=\"icon-list.default\">\n\t\t\t\t<div class=\"elementor-widget-container\">\n\t\t\t\t\t\t\t<ul class=\"elementor-icon-list-items\">\n\t\t\t\t\t\t\t<li class=\"elementor-icon-list-item\">\n\t\t\t\t\t\t\t\t\t\t\t<span class=\"elementor-icon-list-icon\">\n\t\t\t\t\t\t\t<svg aria-hidden=\"true\" class=\"e-font-icon-svg e-fas-check\" viewBox=\"0 0 512 512\" xmlns=\"http:\/\/www.w3.org\/2000\/svg\"><path d=\"M173.898 439.404l-166.4-166.4c-9.997-9.997-9.997-26.206 0-36.204l36.203-36.204c9.997-9.998 26.207-9.998 36.204 0L192 312.69 432.095 72.596c9.997-9.997 26.207-9.997 36.204 0l36.203 36.204c9.997 9.997 9.997 26.206 0 36.204l-294.4 294.401c-9.998 9.997-26.207 9.997-36.204-.001z\"><\/path><\/svg>\t\t\t\t\t\t<\/span>\n\t\t\t\t\t\t\t\t\t\t<span class=\"elementor-icon-list-text\"><strong>Gradua\u00e7\u00e3o em Enfermagem:<\/strong> A base para garantir seguran\u00e7a, precis\u00e3o e um atendimento de qualidade em todos os meus tratamentos.<\/span>\n\t\t\t\t\t\t\t\t\t<\/li>\n\t\t\t\t\t\t\t\t<li class=\"elementor-icon-list-item\">\n\t\t\t\t\t\t\t\t\t\t\t<span class=\"elementor-icon-list-icon\">\n\t\t\t\t\t\t\t<svg aria-hidden=\"true\" class=\"e-font-icon-svg e-fas-check\" viewBox=\"0 0 512 512\" xmlns=\"http:\/\/www.w3.org\/2000\/svg\"><path d=\"M173.898 439.404l-166.4-166.4c-9.997-9.997-9.997-26.206 0-36.204l36.203-36.204c9.997-9.998 26.207-9.998 36.204 0L192 312.69 432.095 72.596c9.997-9.997 26.207-9.997 36.204 0l36.203 36.204c9.997 9.997 9.997 26.206 0 36.204l-294.4 294.401c-9.998 9.997-26.207 9.997-36.204-.001z\"><\/path><\/svg>\t\t\t\t\t\t<\/span>\n\t\t\t\t\t\t\t\t\t\t<span class=\"elementor-icon-list-text\"><strong>P\u00f3s-gradua\u00e7\u00e3o em Dermoest\u00e9tica e Cosm\u00e9tica:<\/strong> Com essa especializa\u00e7\u00e3o, adquiri expertise em tratamentos avan\u00e7ados de pele, focando no rejuvenescimento e melhoria da qualidade da pele de forma personalizada e eficaz.<\/span>\n\t\t\t\t\t\t\t\t\t<\/li>\n\t\t\t\t\t\t\t\t<li class=\"elementor-icon-list-item\">\n\t\t\t\t\t\t\t\t\t\t\t<span class=\"elementor-icon-list-icon\">\n\t\t\t\t\t\t\t<svg aria-hidden=\"true\" class=\"e-font-icon-svg e-fas-check\" viewBox=\"0 0 512 512\" xmlns=\"http:\/\/www.w3.org\/2000\/svg\"><path d=\"M173.898 439.404l-166.4-166.4c-9.997-9.997-9.997-26.206 0-36.204l36.203-36.204c9.997-9.998 26.207-9.998 36.204 0L192 312.69 432.095 72.596c9.997-9.997 26.207-9.997 36.204 0l36.203 36.204c9.997 9.997 9.997 26.206 0 36.204l-294.4 294.401c-9.998 9.997-26.207 9.997-36.204-.001z\"><\/path><\/svg>\t\t\t\t\t\t<\/span>\n\t\t\t\t\t\t\t\t\t\t<span class=\"elementor-icon-list-text\"><strong>Especialista em Harmoniza\u00e7\u00e3o Facial (Master Face):<\/strong> Tenho vasta experi\u00eancia em harmoniza\u00e7\u00e3o facial, utilizando t\u00e9cnicas avan\u00e7adas para oferecer resultados naturais e equilibrados, sempre respeitando as caracter\u00edsticas individuais de cada paciente.<\/span>\n\t\t\t\t\t\t\t\t\t<\/li>\n\t\t\t\t\t\t\t\t<li class=\"elementor-icon-list-item\">\n\t\t\t\t\t\t\t\t\t\t\t<span class=\"elementor-icon-list-icon\">\n\t\t\t\t\t\t\t<svg aria-hidden=\"true\" class=\"e-font-icon-svg e-fas-check\" viewBox=\"0 0 512 512\" xmlns=\"http:\/\/www.w3.org\/2000\/svg\"><path d=\"M173.898 439.404l-166.4-166.4c-9.997-9.997-9.997-26.206 0-36.204l36.203-36.204c9.997-9.998 26.207-9.998 36.204 0L192 312.69 432.095 72.596c9.997-9.997 26.207-9.997 36.204 0l36.203 36.204c9.997 9.997 9.997 26.206 0 36.204l-294.4 294.401c-9.998 9.997-26.207 9.997-36.204-.001z\"><\/path><\/svg>\t\t\t\t\t\t<\/span>\n\t\t\t\t\t\t\t\t\t\t<span class=\"elementor-icon-list-text\"><strong>Capacita\u00e7\u00e3o em HOF Hollywood: <\/strong>Aprofundei meus conhecimentos com t\u00e9cnicas de padr\u00e3o internacional, alinhadas \u00e0s tend\u00eancias mais modernas e eficazes da est\u00e9tica facial.<\/span>\n\t\t\t\t\t\t\t\t\t<\/li>\n\t\t\t\t\t\t\t\t<li class=\"elementor-icon-list-item\">\n\t\t\t\t\t\t\t\t\t\t\t<span class=\"elementor-icon-list-icon\">\n\t\t\t\t\t\t\t<svg aria-hidden=\"true\" class=\"e-font-icon-svg e-fas-check\" viewBox=\"0 0 512 512\" xmlns=\"http:\/\/www.w3.org\/2000\/svg\"><path d=\"M173.898 439.404l-166.4-166.4c-9.997-9.997-9.997-26.206 0-36.204l36.203-36.204c9.997-9.998 26.207-9.998 36.204 0L192 312.69 432.095 72.596c9.997-9.997 26.207-9.997 36.204 0l36.203 36.204c9.997 9.997 9.997 26.206 0 36.204l-294.4 294.401c-9.998 9.997-26.207 9.997-36.204-.001z\"><\/path><\/svg>\t\t\t\t\t\t<\/span>\n\t\t\t\t\t\t\t\t\t\t<span class=\"elementor-icon-list-text\"><strong>Especializa\u00e7\u00e3o em Otoplastia:<\/strong> Realizo procedimentos para corrigir deformidades auriculares, melhorando tanto a est\u00e9tica quanto a funcionalidade das orelhas.<\/span>\n\t\t\t\t\t\t\t\t\t<\/li>\n\t\t\t\t\t\t\t\t<li class=\"elementor-icon-list-item\">\n\t\t\t\t\t\t\t\t\t\t\t<span class=\"elementor-icon-list-icon\">\n\t\t\t\t\t\t\t<svg aria-hidden=\"true\" class=\"e-font-icon-svg e-fas-check\" viewBox=\"0 0 512 512\" xmlns=\"http:\/\/www.w3.org\/2000\/svg\"><path d=\"M173.898 439.404l-166.4-166.4c-9.997-9.997-9.997-26.206 0-36.204l36.203-36.204c9.997-9.998 26.207-9.998 36.204 0L192 312.69 432.095 72.596c9.997-9.997 26.207-9.997 36.204 0l36.203 36.204c9.997 9.997 9.997 26.206 0 36.204l-294.4 294.401c-9.998 9.997-26.207 9.997-36.204-.001z\"><\/path><\/svg>\t\t\t\t\t\t<\/span>\n\t\t\t\t\t\t\t\t\t\t<span class=\"elementor-icon-list-text\"><strong>Master Injector: <\/strong>Tenho ampla experi\u00eancia em aplica\u00e7\u00e3o de preenchedores e bioestimuladores, dominando t\u00e9cnicas que proporcionam volumiza\u00e7\u00e3o e rejuvenescimento com seguran\u00e7a e naturalidade.<\/span>\n\t\t\t\t\t\t\t\t\t<\/li>\n\t\t\t\t\t\t\t\t<li class=\"elementor-icon-list-item\">\n\t\t\t\t\t\t\t\t\t\t\t<span class=\"elementor-icon-list-icon\">\n\t\t\t\t\t\t\t<svg aria-hidden=\"true\" class=\"e-font-icon-svg e-fas-check\" viewBox=\"0 0 512 512\" xmlns=\"http:\/\/www.w3.org\/2000\/svg\"><path d=\"M173.898 439.404l-166.4-166.4c-9.997-9.997-9.997-26.206 0-36.204l36.203-36.204c9.997-9.998 26.207-9.998 36.204 0L192 312.69 432.095 72.596c9.997-9.997 26.207-9.997 36.204 0l36.203 36.204c9.997 9.997 9.997 26.206 0 36.204l-294.4 294.401c-9.998 9.997-26.207 9.997-36.204-.001z\"><\/path><\/svg>\t\t\t\t\t\t<\/span>\n\t\t\t\t\t\t\t\t\t\t<span class=\"elementor-icon-list-text\"><strong>Capacita\u00e7\u00e3o em Inser\u00e7\u00e3o e Remo\u00e7\u00e3o de DIU e Implanon, al\u00e9m de Leitura de Ultrassom: <\/strong>Com essa capacita\u00e7\u00e3o, ofere\u00e7o atendimento completo em procedimentos ginecol\u00f3gicos e contraceptivos, sempre garantindo seguran\u00e7a e cuidado para as minhas pacientes.<\/span>\n\t\t\t\t\t\t\t\t\t<\/li>\n\t\t\t\t\t\t\t\t<li class=\"elementor-icon-list-item\">\n\t\t\t\t\t\t\t\t\t\t\t<span class=\"elementor-icon-list-icon\">\n\t\t\t\t\t\t\t<svg aria-hidden=\"true\" class=\"e-font-icon-svg e-fas-check\" viewBox=\"0 0 512 512\" xmlns=\"http:\/\/www.w3.org\/2000\/svg\"><path d=\"M173.898 439.404l-166.4-166.4c-9.997-9.997-9.997-26.206 0-36.204l36.203-36.204c9.997-9.998 26.207-9.998 36.204 0L192 312.69 432.095 72.596c9.997-9.997 26.207-9.997 36.204 0l36.203 36.204c9.997 9.997 9.997 26.206 0 36.204l-294.4 294.401c-9.998 9.997-26.207 9.997-36.204-.001z\"><\/path><\/svg>\t\t\t\t\t\t<\/span>\n\t\t\t\t\t\t\t\t\t\t<span class=\"elementor-icon-list-text\"><strong>Especialista em Terapia Nutricional Injet\u00e1vel (Soroterapia Ortomolecular):<\/strong> Uso a soroterapia para restaurar o equil\u00edbrio do corpo, oferecendo tratamentos com vitaminas e nutrientes essenciais, promovendo bem-estar e vitalidade.<\/span>\n\t\t\t\t\t\t\t\t\t<\/li>\n\t\t\t\t\t\t<\/ul>\n\t\t\t\t\t\t<\/div>\n\t\t\t\t<\/div>\n\t\t\t\t<div class=\"elementor-element elementor-element-d54c594 elementor-widget elementor-widget-wd_image_or_svg\" data-id=\"d54c594\" data-element_type=\"widget\" data-widget_type=\"wd_image_or_svg.default\">\n\t\t\t\t<div class=\"elementor-widget-container\">\n\t\t\t\t\t\n\t\t<div class=\"wd-image text-left\">\n\t\t\t\t\t\t\t\t<img fetchpriority=\"high\" decoding=\"async\" width=\"1200\" height=\"742\" src=\"https:\/\/clinicadratianapassos.com.br\/wp-content\/uploads\/2021\/10\/cosmetics-blog-4.jpg\" class=\"attachment-full size-full\" alt=\"\" srcset=\"https:\/\/clinicadratianapassos.com.br\/wp-content\/uploads\/2021\/10\/cosmetics-blog-4.jpg 1200w, https:\/\/clinicadratianapassos.com.br\/wp-content\/uploads\/2021\/10\/cosmetics-blog-4-430x266.jpg 430w, https:\/\/clinicadratianapassos.com.br\/wp-content\/uploads\/2021\/10\/cosmetics-blog-4-150x93.jpg 150w, https:\/\/clinicadratianapassos.com.br\/wp-content\/uploads\/2021\/10\/cosmetics-blog-4-700x433.jpg 700w\" sizes=\"(max-width: 1200px) 100vw, 1200px\" \/>\t\t\t\t\t<\/div>\n\n\t\t\t\t\t\t<\/div>\n\t\t\t\t<\/div>\n\t\t\t\t<\/div>\n\t\t<div class=\"elementor-element elementor-element-877e324 e-con-full e-flex e-con e-child\" data-id=\"877e324\" data-element_type=\"container\">\n\t\t\t\t<div class=\"elementor-element elementor-element-3e24c87 elementor-widget elementor-widget-wd_image_or_svg\" data-id=\"3e24c87\" data-element_type=\"widget\" data-widget_type=\"wd_image_or_svg.default\">\n\t\t\t\t<div class=\"elementor-widget-container\">\n\t\t\t\t\t\n\t\t<div class=\"wd-image text-left\">\n\t\t\t\t\t\t\t\t<img decoding=\"async\" width=\"1600\" height=\"1600\" src=\"https:\/\/clinicadratianapassos.com.br\/wp-content\/uploads\/2024\/12\/WhatsApp-Image-2024-09-15-at-12.58.15-1.jpeg\" class=\"attachment-full size-full\" alt=\"\" srcset=\"https:\/\/clinicadratianapassos.com.br\/wp-content\/uploads\/2024\/12\/WhatsApp-Image-2024-09-15-at-12.58.15-1.jpeg 1600w, https:\/\/clinicadratianapassos.com.br\/wp-content\/uploads\/2024\/12\/WhatsApp-Image-2024-09-15-at-12.58.15-1-300x300.jpeg 300w, https:\/\/clinicadratianapassos.com.br\/wp-content\/uploads\/2024\/12\/WhatsApp-Image-2024-09-15-at-12.58.15-1-800x800.jpeg 800w, https:\/\/clinicadratianapassos.com.br\/wp-content\/uploads\/2024\/12\/WhatsApp-Image-2024-09-15-at-12.58.15-1-150x150.jpeg 150w, https:\/\/clinicadratianapassos.com.br\/wp-content\/uploads\/2024\/12\/WhatsApp-Image-2024-09-15-at-12.58.15-1-768x768.jpeg 768w, https:\/\/clinicadratianapassos.com.br\/wp-content\/uploads\/2024\/12\/WhatsApp-Image-2024-09-15-at-12.58.15-1-1536x1536.jpeg 1536w, https:\/\/clinicadratianapassos.com.br\/wp-content\/uploads\/2024\/12\/WhatsApp-Image-2024-09-15-at-12.58.15-1-430x430.jpeg 430w, https:\/\/clinicadratianapassos.com.br\/wp-content\/uploads\/2024\/12\/WhatsApp-Image-2024-09-15-at-12.58.15-1-700x700.jpeg 700w\" sizes=\"(max-width: 1600px) 100vw, 1600px\" \/>\t\t\t\t\t<\/div>\n\n\t\t\t\t\t\t<\/div>\n\t\t\t\t<\/div>\n\t\t\t\t<\/div>\n\t\t\t\t\t<\/div>\n\t\t\t\t<\/div>\n\t\t<div class=\"wd-negative-gap elementor-element elementor-element-1ed0fe9 e-flex e-con-boxed e-con e-parent\" data-id=\"1ed0fe9\" data-element_type=\"container\">\n\t\t\t\t\t<div class=\"e-con-inner\">\n\t\t<div class=\"elementor-element elementor-element-2304aba e-con-full e-flex e-con e-child\" data-id=\"2304aba\" data-element_type=\"container\" data-settings=\"{&quot;background_background&quot;:&quot;classic&quot;}\">\n\t\t<div class=\"elementor-element elementor-element-0a734f3 e-con-full e-flex e-con e-child\" data-id=\"0a734f3\" data-element_type=\"container\">\n\t\t\t\t<div class=\"elementor-element elementor-element-307d3e3 elementor-hidden-tablet elementor-hidden-mobile elementor-widget elementor-widget-wd_text_block\" data-id=\"307d3e3\" data-element_type=\"widget\" data-widget_type=\"wd_text_block.default\">\n\t\t\t\t<div class=\"elementor-widget-container\">\n\t\t\t\t\t\t\t<div class=\"wd-text-block reset-last-child text-center color-scheme-light\">\n\t\t\t\n\t\t\t<p>\"Meu compromisso \u00e9 combinar conhecimento cient\u00edfico com uma abordagem acolhedora e humanizada. Cada paciente \u00e9 \u00fanico, e busco sempre proporcionar resultados que elevem a autoestima e a confian\u00e7a, com tratamentos que prezam pela seguran\u00e7a, inova\u00e7\u00e3o e, acima de tudo, qualidade.\"<\/p>\n\t\t\t\t\t<\/div>\n\t\t\t\t\t\t<\/div>\n\t\t\t\t<\/div>\n\t\t\t\t<div class=\"elementor-element elementor-element-b49a10d elementor-hidden-desktop elementor-hidden-laptop elementor-widget elementor-widget-wd_text_block\" data-id=\"b49a10d\" data-element_type=\"widget\" data-widget_type=\"wd_text_block.default\">\n\t\t\t\t<div class=\"elementor-widget-container\">\n\t\t\t\t\t\t\t<div class=\"wd-text-block reset-last-child text-left color-scheme-light\">\n\t\t\t\n\t\t\t<p>\"Meu compromisso \u00e9 combinar conhecimento cient\u00edfico com uma abordagem acolhedora e humanizada. Cada paciente \u00e9 \u00fanico, e busco sempre proporcionar resultados que elevem a autoestima e a confian\u00e7a, com tratamentos que prezam pela seguran\u00e7a, inova\u00e7\u00e3o e, acima de tudo, qualidade.\"<\/p>\n\t\t\t\t\t<\/div>\n\t\t\t\t\t\t<\/div>\n\t\t\t\t<\/div>\n\t\t<div class=\"elementor-element elementor-element-455bfef e-flex e-con-boxed e-con e-child\" data-id=\"455bfef\" data-element_type=\"container\">\n\t\t\t\t\t<div class=\"e-con-inner\">\n\t\t\t\t<div class=\"elementor-element elementor-element-1f9ccad elementor-widget elementor-widget-image\" data-id=\"1f9ccad\" data-element_type=\"widget\" data-widget_type=\"image.default\">\n\t\t\t\t<div class=\"elementor-widget-container\">\n\t\t\t\t\t\t\t\t\t\t\t\t\t\t\t<img decoding=\"async\" width=\"150\" height=\"150\" src=\"https:\/\/clinicadratianapassos.com.br\/wp-content\/uploads\/2024\/09\/Sem-Titulo-1-150x150.jpg\" class=\"attachment-thumbnail size-thumbnail wp-image-27561\" alt=\"\" srcset=\"https:\/\/clinicadratianapassos.com.br\/wp-content\/uploads\/2024\/09\/Sem-Titulo-1-150x150.jpg 150w, https:\/\/clinicadratianapassos.com.br\/wp-content\/uploads\/2024\/09\/Sem-Titulo-1-65x65.jpg 65w\" sizes=\"(max-width: 150px) 100vw, 150px\" \/>\t\t\t\t\t\t\t\t\t\t\t\t\t\t\t<\/div>\n\t\t\t\t<\/div>\n\t\t<div class=\"elementor-element elementor-element-9736319 e-flex e-con-boxed e-con e-child\" data-id=\"9736319\" data-element_type=\"container\">\n\t\t\t\t\t<div class=\"e-con-inner\">\n\t\t\t\t<div class=\"elementor-element elementor-element-e9492ec elementor-widget__width-initial elementor-widget elementor-widget-heading\" data-id=\"e9492ec\" data-element_type=\"widget\" data-widget_type=\"heading.default\">\n\t\t\t\t<div class=\"elementor-widget-container\">\n\t\t\t\t\t<h2 class=\"elementor-heading-title elementor-size-default\">Dra. Tiana Passos<\/h2>\t\t\t\t<\/div>\n\t\t\t\t<\/div>\n\t\t\t\t<div class=\"elementor-element elementor-element-9498ebd elementor-widget__width-initial elementor-widget elementor-widget-heading\" data-id=\"9498ebd\" data-element_type=\"widget\" data-widget_type=\"heading.default\">\n\t\t\t\t<div class=\"elementor-widget-container\">\n\t\t\t\t\t<h2 class=\"elementor-heading-title elementor-size-default\">Esteticista e especialista<\/h2>\t\t\t\t<\/div>\n\t\t\t\t<\/div>\n\t\t\t\t\t<\/div>\n\t\t\t\t<\/div>\n\t\t\t\t\t<\/div>\n\t\t\t\t<\/div>\n\t\t\t\t<\/div>\n\t\t\t\t<\/div>\n\t\t\t\t\t<\/div>\n\t\t\t\t<\/div>\n\t\t<div class=\"wd-negative-gap elementor-element elementor-element-dcb15a1 e-flex e-con-boxed e-con e-parent\" data-id=\"dcb15a1\" data-element_type=\"container\">\n\t\t\t\t\t<div class=\"e-con-inner\">\n\t\t\t\t<div class=\"elementor-element elementor-element-5423f80 elementor-widget elementor-widget-button\" data-id=\"5423f80\" data-element_type=\"widget\" data-widget_type=\"button.default\">\n\t\t\t\t<div class=\"elementor-widget-container\">\n\t\t\t\t\t\t\t\t\t<div class=\"elementor-button-wrapper\">\n\t\t\t\t\t<a class=\"elementor-button elementor-button-link elementor-size-sm\" href=\"https:\/\/wa.me\/98985382323?text=Ol%C3%A1%2C%20eu%20estava%20olhando%20os%20tratamentos%20no%20site%20e%20gostaria%20de%20mais%20informa%C3%A7%C3%B5es%20!\">\n\t\t\t\t\t\t<span class=\"elementor-button-content-wrapper\">\n\t\t\t\t\t\t<span class=\"elementor-button-icon\">\n\t\t\t\t<svg aria-hidden=\"true\" class=\"e-font-icon-svg e-fab-whatsapp\" viewBox=\"0 0 448 512\" xmlns=\"http:\/\/www.w3.org\/2000\/svg\"><path d=\"M380.9 97.1C339 55.1 283.2 32 223.9 32c-122.4 0-222 99.6-222 222 0 39.1 10.2 77.3 29.6 111L0 480l117.7-30.9c32.4 17.7 68.9 27 106.1 27h.1c122.3 0 224.1-99.6 224.1-222 0-59.3-25.2-115-67.1-157zm-157 341.6c-33.2 0-65.7-8.9-94-25.7l-6.7-4-69.8 18.3L72 359.2l-4.4-7c-18.5-29.4-28.2-63.3-28.2-98.2 0-101.7 82.8-184.5 184.6-184.5 49.3 0 95.6 19.2 130.4 54.1 34.8 34.9 56.2 81.2 56.1 130.5 0 101.8-84.9 184.6-186.6 184.6zm101.2-138.2c-5.5-2.8-32.8-16.2-37.9-18-5.1-1.9-8.8-2.8-12.5 2.8-3.7 5.6-14.3 18-17.6 21.8-3.2 3.7-6.5 4.2-12 1.4-32.6-16.3-54-29.1-75.5-66-5.7-9.8 5.7-9.1 16.3-30.3 1.8-3.7.9-6.9-.5-9.7-1.4-2.8-12.5-30.1-17.1-41.2-4.5-10.8-9.1-9.3-12.5-9.5-3.2-.2-6.9-.2-10.6-.2-3.7 0-9.7 1.4-14.8 6.9-5.1 5.6-19.4 19-19.4 46.3 0 27.3 19.9 53.7 22.6 57.4 2.8 3.7 39.1 59.7 94.8 83.8 35.2 15.2 49 16.5 66.6 13.9 10.7-1.6 32.8-13.4 37.4-26.4 4.6-13 4.6-24.1 3.2-26.4-1.3-2.5-5-3.9-10.5-6.6z\"><\/path><\/svg>\t\t\t<\/span>\n\t\t\t\t\t\t\t\t\t<span class=\"elementor-button-text\">Iniciar atendimento <\/span>\n\t\t\t\t\t<\/span>\n\t\t\t\t\t<\/a>\n\t\t\t\t<\/div>\n\t\t\t\t\t\t\t\t<\/div>\n\t\t\t\t<\/div>\n\t\t\t\t\t<\/div>\n\t\t\t\t<\/div>\n\t\t\t\t<\/div>\n\t\t","protected":false},"excerpt":{"rendered":"<p>Ol\u00e1, eu sou a Dra. Tiana Passos Sou formada em Enfermagem e, ao longo dos anos, me especializei em diversas<\/p>\n","protected":false},"author":1,"featured_media":0,"parent":0,"menu_order":0,"comment_status":"open","ping_status":"closed","template":"elementor_header_footer","meta":{"footnotes":""},"class_list":["post-27716","page","type-page","status-publish","hentry"],"_links":{"self":[{"href":"https:\/\/clinicadratianapassos.com.br\/index.php?rest_route=\/wp\/v2\/pages\/27716","targetHints":{"allow":["GET"]}}],"collection":[{"href":"https:\/\/clinicadratianapassos.com.br\/index.php?rest_route=\/wp\/v2\/pages"}],"about":[{"href":"https:\/\/clinicadratianapassos.com.br\/index.php?rest_route=\/wp\/v2\/types\/page"}],"author":[{"embeddable":true,"href":"https:\/\/clinicadratianapassos.com.br\/index.php?rest_route=\/wp\/v2\/users\/1"}],"replies":[{"embeddable":true,"href":"https:\/\/clinicadratianapassos.com.br\/index.php?rest_route=%2Fwp%2Fv2%2Fcomments&post=27716"}],"version-history":[{"count":241,"href":"https:\/\/clinicadratianapassos.com.br\/index.php?rest_route=\/wp\/v2\/pages\/27716\/revisions"}],"predecessor-version":[{"id":30099,"href":"https:\/\/clinicadratianapassos.com.br\/index.php?rest_route=\/wp\/v2\/pages\/27716\/revisions\/30099"}],"wp:attachment":[{"href":"https:\/\/clinicadratianapassos.com.br\/index.php?rest_route=%2Fwp%2Fv2%2Fmedia&parent=27716"}],"curies":[{"name":"wp","href":"https:\/\/api.w.org\/{rel}","templated":true}]}}